{"id":1124,"date":"2022-06-10T17:49:29","date_gmt":"2022-06-10T15:49:29","guid":{"rendered":"https:\/\/egalite-fh.irisa.fr\/?page_id=1124"},"modified":"2024-02-04T11:48:42","modified_gmt":"2024-02-04T10:48:42","slug":"comites-de-selection-combien-dinvitations-accepter","status":"publish","type":"page","link":"http:\/\/egalite-fh.irisa.fr\/en\/presentation-recommandations\/comites-de-selection-combien-dinvitations-accepter\/","title":{"rendered":"(Fran\u00e7ais) Comit\u00e9s de s\u00e9lection : combien d&#8217;invitations accepter ?"},"content":{"rendered":"<p class=\"qtranxs-available-languages-message qtranxs-available-languages-message-en\">Sorry, this entry is only available in <a href=\"http:\/\/egalite-fh.irisa.fr\/fr\/wp-json\/wp\/v2\/pages\/1124\" class=\"qtranxs-available-language-link qtranxs-available-language-link-fr\" title=\"Fran\u00e7ais\">Fran\u00e7ais<\/a>.<\/p>","protected":false},"excerpt":{"rendered":"<p>Sorry, this entry is only available in Fran\u00e7ais.<\/p>\n<p> <a class=\"continue-reading-link\" href=\"http:\/\/egalite-fh.irisa.fr\/en\/presentation-recommandations\/comites-de-selection-combien-dinvitations-accepter\/\"><span>Continue reading<\/span><i class=\"crycon-right-dir\"><\/i><\/a> <\/p>\n","protected":false},"author":2609,"featured_media":0,"parent":330,"menu_order":0,"comment_status":"closed","ping_status":"closed","template":"","meta":{"_mc_calendar":[],"footnotes":""},"class_list":["post-1124","page","type-page","status-publish","hentry"],"_links":{"self":[{"href":"http:\/\/egalite-fh.irisa.fr\/en\/wp-json\/wp\/v2\/pages\/1124","targetHints":{"allow":["GET"]}}],"collection":[{"href":"http:\/\/egalite-fh.irisa.fr\/en\/wp-json\/wp\/v2\/pages"}],"about":[{"href":"http:\/\/egalite-fh.irisa.fr\/en\/wp-json\/wp\/v2\/types\/page"}],"author":[{"embeddable":true,"href":"http:\/\/egalite-fh.irisa.fr\/en\/wp-json\/wp\/v2\/users\/2609"}],"replies":[{"embeddable":true,"href":"http:\/\/egalite-fh.irisa.fr\/en\/wp-json\/wp\/v2\/comments?post=1124"}],"version-history":[{"count":57,"href":"http:\/\/egalite-fh.irisa.fr\/en\/wp-json\/wp\/v2\/pages\/1124\/revisions"}],"predecessor-version":[{"id":1746,"href":"http:\/\/egalite-fh.irisa.fr\/en\/wp-json\/wp\/v2\/pages\/1124\/revisions\/1746"}],"up":[{"embeddable":true,"href":"http:\/\/egalite-fh.irisa.fr\/en\/wp-json\/wp\/v2\/pages\/330"}],"wp:attachment":[{"href":"http:\/\/egalite-fh.irisa.fr\/en\/wp-json\/wp\/v2\/media?parent=1124"}],"curies":[{"name":"wp","href":"https:\/\/api.w.org\/{rel}","templated":true}]}}