{"id":1434,"date":"2023-03-07T09:17:00","date_gmt":"2023-03-07T08:17:00","guid":{"rendered":"https:\/\/egalite-fh.irisa.fr\/?page_id=1434"},"modified":"2023-03-07T09:42:42","modified_gmt":"2023-03-07T08:42:42","slug":"calendrier-des-actions-evenements-a-venir","status":"publish","type":"page","link":"http:\/\/egalite-fh.irisa.fr\/en\/calendrier-des-actions-evenements-a-venir\/","title":{"rendered":"(Fran\u00e7ais) Calendrier des actions\/\u00e9v\u00e8nements \u00e0 venir"},"content":{"rendered":"<div class=\"members-access-error\">\n<p class=\"restricted\">Vous devez \u00eatre connect\u00e9\u00b7e pour acc\u00e9der \u00e0 ce contenu.<\/p>\n<\/div>\n","protected":false},"excerpt":{"rendered":"<div class=\"members-access-error\">\n<p class=\"restricted\">Vous devez \u00eatre connect\u00e9\u00b7e pour acc\u00e9der \u00e0 ce contenu.<\/p>\n<\/div>\n","protected":false},"author":2625,"featured_media":0,"parent":0,"menu_order":0,"comment_status":"closed","ping_status":"closed","template":"","meta":{"_mc_calendar":{"format":"calendar","time":"month","shortcode":"[my_calendar format=&quot;calendar&quot; time=&quot;month&quot;]"},"footnotes":""},"class_list":["post-1434","page","type-page","status-publish","hentry"],"_links":{"self":[{"href":"http:\/\/egalite-fh.irisa.fr\/en\/wp-json\/wp\/v2\/pages\/1434","targetHints":{"allow":["GET"]}}],"collection":[{"href":"http:\/\/egalite-fh.irisa.fr\/en\/wp-json\/wp\/v2\/pages"}],"about":[{"href":"http:\/\/egalite-fh.irisa.fr\/en\/wp-json\/wp\/v2\/types\/page"}],"author":[{"embeddable":true,"href":"http:\/\/egalite-fh.irisa.fr\/en\/wp-json\/wp\/v2\/users\/2625"}],"replies":[{"embeddable":true,"href":"http:\/\/egalite-fh.irisa.fr\/en\/wp-json\/wp\/v2\/comments?post=1434"}],"version-history":[{"count":4,"href":"http:\/\/egalite-fh.irisa.fr\/en\/wp-json\/wp\/v2\/pages\/1434\/revisions"}],"predecessor-version":[{"id":1445,"href":"http:\/\/egalite-fh.irisa.fr\/en\/wp-json\/wp\/v2\/pages\/1434\/revisions\/1445"}],"wp:attachment":[{"href":"http:\/\/egalite-fh.irisa.fr\/en\/wp-json\/wp\/v2\/media?parent=1434"}],"curies":[{"name":"wp","href":"https:\/\/api.w.org\/{rel}","templated":true}]}}