{"id":532,"date":"2021-12-03T23:43:45","date_gmt":"2021-12-03T22:43:45","guid":{"rendered":"https:\/\/iww.inria.fr\/egalitefhirisa\/?page_id=532"},"modified":"2024-02-27T14:56:58","modified_gmt":"2024-02-27T13:56:58","slug":"participations-a-des-evenements","status":"publish","type":"page","link":"http:\/\/egalite-fh.irisa.fr\/en\/animation\/participations-a-des-evenements\/","title":{"rendered":"(Fran\u00e7ais) Participations \u00e0 des \u00e9v\u00e8nements"},"content":{"rendered":"<p class=\"qtranxs-available-languages-message qtranxs-available-languages-message-en\">Sorry, this entry is only available in <a href=\"http:\/\/egalite-fh.irisa.fr\/fr\/wp-json\/wp\/v2\/pages\/532\" class=\"qtranxs-available-language-link qtranxs-available-language-link-fr\" title=\"Fran\u00e7ais\">Fran\u00e7ais<\/a>.<\/p>","protected":false},"excerpt":{"rendered":"<p>Sorry, this entry is only available in Fran\u00e7ais.<\/p>\n<p> <a class=\"continue-reading-link\" href=\"http:\/\/egalite-fh.irisa.fr\/en\/animation\/participations-a-des-evenements\/\"><span>Continue reading<\/span><i class=\"crycon-right-dir\"><\/i><\/a> <\/p>\n","protected":false},"author":2625,"featured_media":0,"parent":95,"menu_order":0,"comment_status":"closed","ping_status":"closed","template":"","meta":{"_mc_calendar":[],"footnotes":""},"class_list":["post-532","page","type-page","status-publish","hentry"],"_links":{"self":[{"href":"http:\/\/egalite-fh.irisa.fr\/en\/wp-json\/wp\/v2\/pages\/532","targetHints":{"allow":["GET"]}}],"collection":[{"href":"http:\/\/egalite-fh.irisa.fr\/en\/wp-json\/wp\/v2\/pages"}],"about":[{"href":"http:\/\/egalite-fh.irisa.fr\/en\/wp-json\/wp\/v2\/types\/page"}],"author":[{"embeddable":true,"href":"http:\/\/egalite-fh.irisa.fr\/en\/wp-json\/wp\/v2\/users\/2625"}],"replies":[{"embeddable":true,"href":"http:\/\/egalite-fh.irisa.fr\/en\/wp-json\/wp\/v2\/comments?post=532"}],"version-history":[{"count":13,"href":"http:\/\/egalite-fh.irisa.fr\/en\/wp-json\/wp\/v2\/pages\/532\/revisions"}],"predecessor-version":[{"id":1778,"href":"http:\/\/egalite-fh.irisa.fr\/en\/wp-json\/wp\/v2\/pages\/532\/revisions\/1778"}],"up":[{"embeddable":true,"href":"http:\/\/egalite-fh.irisa.fr\/en\/wp-json\/wp\/v2\/pages\/95"}],"wp:attachment":[{"href":"http:\/\/egalite-fh.irisa.fr\/en\/wp-json\/wp\/v2\/media?parent=532"}],"curies":[{"name":"wp","href":"https:\/\/api.w.org\/{rel}","templated":true}]}}