{"id":1193,"date":"2022-06-27T15:37:43","date_gmt":"2022-06-27T13:37:43","guid":{"rendered":"https:\/\/egalite-fh.irisa.fr\/?page_id=1193"},"modified":"2022-06-27T15:37:43","modified_gmt":"2022-06-27T13:37:43","slug":"recommandations-pour-les-comites-de-selection","status":"publish","type":"page","link":"https:\/\/egalite-fh.irisa.fr\/en\/presentation-recommandations\/recommandations-pour-les-comites-de-selection\/","title":{"rendered":"(Fran\u00e7ais) Recommandations pour les comit\u00e9s de s\u00e9lection"},"content":{"rendered":"<p class=\"qtranxs-available-languages-message qtranxs-available-languages-message-en\">Sorry, this entry is only available in <a href=\"https:\/\/egalite-fh.irisa.fr\/fr\/wp-json\/wp\/v2\/pages\/1193\" class=\"qtranxs-available-language-link qtranxs-available-language-link-fr\" title=\"Fran\u00e7ais\">Fran\u00e7ais<\/a>.<\/p>","protected":false},"excerpt":{"rendered":"<p>Sorry, this entry is only available in Fran\u00e7ais.<\/p>\n<p> <a class=\"continue-reading-link\" href=\"https:\/\/egalite-fh.irisa.fr\/en\/presentation-recommandations\/recommandations-pour-les-comites-de-selection\/\"><span>Continue reading<\/span><i class=\"crycon-right-dir\"><\/i><\/a> <\/p>\n","protected":false},"author":2675,"featured_media":0,"parent":330,"menu_order":0,"comment_status":"closed","ping_status":"closed","template":"","meta":{"_mc_calendar":[],"footnotes":""},"class_list":["post-1193","page","type-page","status-publish","hentry"],"_links":{"self":[{"href":"https:\/\/egalite-fh.irisa.fr\/en\/wp-json\/wp\/v2\/pages\/1193","targetHints":{"allow":["GET"]}}],"collection":[{"href":"https:\/\/egalite-fh.irisa.fr\/en\/wp-json\/wp\/v2\/pages"}],"about":[{"href":"https:\/\/egalite-fh.irisa.fr\/en\/wp-json\/wp\/v2\/types\/page"}],"author":[{"embeddable":true,"href":"https:\/\/egalite-fh.irisa.fr\/en\/wp-json\/wp\/v2\/users\/2675"}],"replies":[{"embeddable":true,"href":"https:\/\/egalite-fh.irisa.fr\/en\/wp-json\/wp\/v2\/comments?post=1193"}],"version-history":[{"count":1,"href":"https:\/\/egalite-fh.irisa.fr\/en\/wp-json\/wp\/v2\/pages\/1193\/revisions"}],"predecessor-version":[{"id":1194,"href":"https:\/\/egalite-fh.irisa.fr\/en\/wp-json\/wp\/v2\/pages\/1193\/revisions\/1194"}],"up":[{"embeddable":true,"href":"https:\/\/egalite-fh.irisa.fr\/en\/wp-json\/wp\/v2\/pages\/330"}],"wp:attachment":[{"href":"https:\/\/egalite-fh.irisa.fr\/en\/wp-json\/wp\/v2\/media?parent=1193"}],"curies":[{"name":"wp","href":"https:\/\/api.w.org\/{rel}","templated":true}]}}