{"id":207,"date":"2021-10-30T15:29:26","date_gmt":"2021-10-30T13:29:26","guid":{"rendered":"https:\/\/iww.inria.fr\/egalitefhirisa\/?page_id=207"},"modified":"2021-11-11T10:30:52","modified_gmt":"2021-11-11T09:30:52","slug":"depliants-deconstruire-les-stereotypes-2019","status":"publish","type":"page","link":"https:\/\/egalite-fh.irisa.fr\/en\/sensibilisation\/depliants-deconstruire-les-stereotypes-2019\/","title":{"rendered":"(Fran\u00e7ais) D\u00e9pliants \u00ab D\u00e9construire les st\u00e9r\u00e9otypes \u00bb"},"content":{"rendered":"<p class=\"qtranxs-available-languages-message qtranxs-available-languages-message-en\">Sorry, this entry is only available in <a href=\"https:\/\/egalite-fh.irisa.fr\/fr\/wp-json\/wp\/v2\/pages\/207\" class=\"qtranxs-available-language-link qtranxs-available-language-link-fr\" title=\"Fran\u00e7ais\">Fran\u00e7ais<\/a>.<\/p>","protected":false},"excerpt":{"rendered":"<p>Sorry, this entry is only available in Fran\u00e7ais.<\/p>\n<p> <a class=\"continue-reading-link\" href=\"https:\/\/egalite-fh.irisa.fr\/en\/sensibilisation\/depliants-deconstruire-les-stereotypes-2019\/\"><span>Continue reading<\/span><i class=\"crycon-right-dir\"><\/i><\/a> <\/p>\n","protected":false},"author":2625,"featured_media":0,"parent":87,"menu_order":0,"comment_status":"closed","ping_status":"closed","template":"","meta":{"_mc_calendar":[],"footnotes":""},"class_list":["post-207","page","type-page","status-publish","hentry"],"_links":{"self":[{"href":"https:\/\/egalite-fh.irisa.fr\/en\/wp-json\/wp\/v2\/pages\/207","targetHints":{"allow":["GET"]}}],"collection":[{"href":"https:\/\/egalite-fh.irisa.fr\/en\/wp-json\/wp\/v2\/pages"}],"about":[{"href":"https:\/\/egalite-fh.irisa.fr\/en\/wp-json\/wp\/v2\/types\/page"}],"author":[{"embeddable":true,"href":"https:\/\/egalite-fh.irisa.fr\/en\/wp-json\/wp\/v2\/users\/2625"}],"replies":[{"embeddable":true,"href":"https:\/\/egalite-fh.irisa.fr\/en\/wp-json\/wp\/v2\/comments?post=207"}],"version-history":[{"count":7,"href":"https:\/\/egalite-fh.irisa.fr\/en\/wp-json\/wp\/v2\/pages\/207\/revisions"}],"predecessor-version":[{"id":305,"href":"https:\/\/egalite-fh.irisa.fr\/en\/wp-json\/wp\/v2\/pages\/207\/revisions\/305"}],"up":[{"embeddable":true,"href":"https:\/\/egalite-fh.irisa.fr\/en\/wp-json\/wp\/v2\/pages\/87"}],"wp:attachment":[{"href":"https:\/\/egalite-fh.irisa.fr\/en\/wp-json\/wp\/v2\/media?parent=207"}],"curies":[{"name":"wp","href":"https:\/\/api.w.org\/{rel}","templated":true}]}}